{"id":23555,"date":"2023-01-12T12:22:34","date_gmt":"2023-01-12T10:22:34","guid":{"rendered":"https:\/\/sethial.lu\/zaeune-und-tore\/"},"modified":"2026-04-27T13:54:59","modified_gmt":"2026-04-27T11:54:59","slug":"zaeune-und-tore","status":"publish","type":"page","link":"https:\/\/sethial.lu\/de\/zaeune-und-tore\/","title":{"rendered":"Z\u00e4une und Tore"},"content":{"rendered":"<p>[et_pb_section fb_built=&#8220;1&#8243; custom_padding_last_edited=&#8220;on|phone&#8220; _builder_version=&#8220;4.18.0&#8243; _module_preset=&#8220;default&#8220; use_background_color_gradient=&#8220;on&#8220; background_color_gradient_stops=&#8220;rgba(0,0,0,0.6) 0%|rgba(255,255,255,0) 15%&#8220; background_color_gradient_overlays_image=&#8220;on&#8220; background_image=&#8220;https:\/\/sethial.lu\/wp-content\/uploads\/2022\/09\/Sethial-header-ferronnerie-exterieure.jpg&#8220; background_enable_video_mp4=&#8220;off&#8220; custom_margin=&#8220;0px||0px||false|false&#8220; custom_padding=&#8220;25vh||25vh||true|false&#8220; custom_padding_tablet=&#8220;124px||124px||true|false&#8220; custom_padding_phone=&#8220;50px||50px||true|false&#8220; animation_style=&#8220;fade&#8220; animation_duration=&#8220;850ms&#8220; global_colors_info=&#8220;{}&#8220;][et_pb_row custom_padding_last_edited=&#8220;on|phone&#8220; _builder_version=&#8220;4.17.4&#8243; _module_preset=&#8220;default&#8220; background_enable_color=&#8220;off&#8220; background_enable_image=&#8220;off&#8220; background_size=&#8220;initial&#8220; background_position=&#8220;center_left&#8220; width=&#8220;90%&#8220; max_width=&#8220;1200px&#8220; custom_margin=&#8220;0px||0px||false|false&#8220; custom_padding=&#8220;0px||0px||false|false&#8220; custom_padding_tablet=&#8220;0px||0px||false|false&#8220; custom_padding_phone=&#8220;30px|30px|30px|30px|false|false&#8220; background_color_phone=&#8220;#FFFFFF&#8220; background_last_edited=&#8220;on|phone&#8220; background_enable_color_phone=&#8220;on&#8220; border_radii_tablet=&#8220;&#8220; border_radii_phone=&#8220;off|20px||20px|&#8220; border_radii_last_edited=&#8220;on|phone&#8220; global_colors_info=&#8220;{}&#8220;][et_pb_column type=&#8220;4_4&#8243; _builder_version=&#8220;4.17.4&#8243; _module_preset=&#8220;default&#8220; custom_padding=&#8220;|||90px|false|false&#8220; custom_padding_tablet=&#8220;|||90px|false|false&#8220; custom_padding_phone=&#8220;|||0px|false|false&#8220; custom_padding_last_edited=&#8220;on|phone&#8220; global_colors_info=&#8220;{}&#8220;][et_pb_image src=&#8220;https:\/\/sethial.lu\/wp-content\/uploads\/2022\/07\/plumber-4-slider-1-1-9.png&#8220; disabled_on=&#8220;on|off|off&#8220; _builder_version=&#8220;4.17.4&#8243; _module_preset=&#8220;default&#8220; positioning=&#8220;absolute&#8220; position_origin_a=&#8220;center_left&#8220; horizontal_offset=&#8220;-77px&#8220; vertical_offset_tablet=&#8220;&#8220; vertical_offset_phone=&#8220;-66px&#8220; vertical_offset_last_edited=&#8220;on|phone&#8220; height_tablet=&#8220;&#8220; height_phone=&#8220;420px&#8220; height_last_edited=&#8220;on|phone&#8220; custom_margin=&#8220;0px||0px||false|false&#8220; custom_padding=&#8220;0px||0px||false|false&#8220; global_colors_info=&#8220;{}&#8220;][\/et_pb_image][et_pb_text _builder_version=&#8220;4.18.0&#8243; _module_preset=&#8220;default&#8220; header_font=&#8220;Hind|800|||||||&#8220; header_text_align=&#8220;left&#8220; header_text_color=&#8220;#223d65&#8243; header_font_size=&#8220;65px&#8220; header_letter_spacing=&#8220;-1px&#8220; max_width=&#8220;520px&#8220; custom_margin=&#8220;0px||28px||false|false&#8220; custom_margin_tablet=&#8220;0px||28px||false|false&#8220; custom_margin_phone=&#8220;0px||15px||false|false&#8220; custom_margin_last_edited=&#8220;on|phone&#8220; custom_padding=&#8220;0px||0px||false|false&#8220; header_font_size_tablet=&#8220;75px&#8220; header_font_size_phone=&#8220;45px&#8220; header_font_size_last_edited=&#8220;on|phone&#8220; global_colors_info=&#8220;{}&#8220;]<\/p>\n<h1>Z\u00e4une &amp;<br \/>Tore<\/h1>\n<p>[\/et_pb_text][\/et_pb_column][\/et_pb_row][\/et_pb_section][et_pb_section fb_built=&#8220;1&#8243; custom_padding_last_edited=&#8220;on|phone&#8220; admin_label=&#8220;TBVS &#8211; Light &#8211; Content 11&#8243; module_class=&#8220;tbvs-section-light&#8220; _builder_version=&#8220;4.18.0&#8243; _module_preset=&#8220;default&#8220; custom_padding_tablet=&#8220;&#8220; custom_padding_phone=&#8220;0px||0px||true|false&#8220; global_colors_info=&#8220;{}&#8220;][et_pb_row column_structure=&#8220;1_2,1_2&#8243; _builder_version=&#8220;4.16&#8243; _module_preset=&#8220;default&#8220; custom_padding=&#8220;||0px||false|false&#8220; global_colors_info=&#8220;{}&#8220;][et_pb_column type=&#8220;1_2&#8243; _builder_version=&#8220;4.16&#8243; _module_preset=&#8220;default&#8220; global_colors_info=&#8220;{}&#8220;][et_pb_text _builder_version=&#8220;4.18.0&#8243; _module_preset=&#8220;default&#8220; header_2_font=&#8220;Hind|700|||||||&#8220; header_2_text_color=&#8220;#15386b&#8220; header_2_font_size=&#8220;38px&#8220; header_2_line_height=&#8220;1.1em&#8220; global_colors_info=&#8220;{}&#8220;]<\/p>\n<h2>Z\u00e4une<\/h2>\n<p>[\/et_pb_text][\/et_pb_column][et_pb_column type=&#8220;1_2&#8243; _builder_version=&#8220;4.16&#8243; _module_preset=&#8220;default&#8220; global_colors_info=&#8220;{}&#8220;][\/et_pb_column][\/et_pb_row][et_pb_row custom_padding_last_edited=&#8220;on|tablet&#8220; _builder_version=&#8220;4.18.0&#8243; _module_preset=&#8220;default&#8220; custom_padding_tablet=&#8220;0px||||false|false&#8220; custom_padding_phone=&#8220;&#8220; global_colors_info=&#8220;{}&#8220;][et_pb_column type=&#8220;4_4&#8243; _builder_version=&#8220;4.16&#8243; _module_preset=&#8220;default&#8220; global_colors_info=&#8220;{}&#8220;][et_pb_text _builder_version=&#8220;4.18.0&#8243; _module_preset=&#8220;default&#8220; text_font=&#8220;Hind||||||||&#8220; text_text_color=&#8220;#333333&#8243; text_font_size=&#8220;17px&#8220; hover_enabled=&#8220;0&#8243; global_colors_info=&#8220;{}&#8220; sticky_enabled=&#8220;0&#8243;]<\/p>\n<p style=\"text-align: justify;\">Ein Zaun ist ein unverzichtbares Element in Ihrem Garten und dient der Abgrenzung Ihres Grundst\u00fccks, der Sicherheit und der Versch\u00f6nerung Ihres Eigentums.<br \/>Sie k\u00f6nnen in Gr\u00f6\u00dfe, Stil und Ausf\u00fchrung vollst\u00e4ndig angepasst werden und passen sich an alle Arten von Grundst\u00fccken an, von Ihrem Haus \u00fcber Ihr Unternehmen bis hin zu Industrieparks.<br \/>Es ist daher wichtig, dass Sie sich die richtigen Fragen stellen, bevor Sie Ihre Wahl treffen.<\/p>\n<p>[\/et_pb_text][et_pb_text _builder_version=&#8220;4.18.0&#8243; _module_preset=&#8220;default&#8220; text_font=&#8220;Hind||||||||&#8220; text_text_color=&#8220;#333333&#8243; text_font_size=&#8220;17px&#8220; hover_enabled=&#8220;0&#8243; global_colors_info=&#8220;{}&#8220; sticky_enabled=&#8220;0&#8243;]<\/p>\n<p style=\"text-align: justify;\">Was ist mein Ziel, wenn ich mein Eigentum unterteile?<\/p>\n<p>M\u00f6chten Sie nur Ihr Grundst\u00fcck abgrenzen? Sie wollen sich vor Blicken sch\u00fctzen? Haben Sie einen eher \u00e4sthetischen und pers\u00f6nlichen Ansatz f\u00fcr Ihr Projekt?<\/p>\n<p style=\"text-align: justify;\">In jedem Fall stehen wir Ihnen mit professionellem Rat zur Seite.<\/p>\n<p>[\/et_pb_text][\/et_pb_column][\/et_pb_row][\/et_pb_section][et_pb_section fb_built=&#8220;1&#8243; _builder_version=&#8220;4.16&#8243; _module_preset=&#8220;default&#8220; custom_padding=&#8220;0px||0px|||&#8220; global_colors_info=&#8220;{}&#8220;][et_pb_row _builder_version=&#8220;4.16&#8243; _module_preset=&#8220;default&#8220; width=&#8220;90%&#8220; max_width=&#8220;90%&#8220; custom_padding=&#8220;||0px|||&#8220; locked=&#8220;off&#8220; global_colors_info=&#8220;{}&#8220;][et_pb_column type=&#8220;4_4&#8243; _builder_version=&#8220;4.16&#8243; _module_preset=&#8220;default&#8220; global_colors_info=&#8220;{}&#8220;][dsm_image_carousel gallery_ids=&#8220;23427,23428,23429,23529,23530&#8243; centered_slides=&#8220;on&#8220; slide_to_show=&#8220;3&#8243; arrow_position_mobile=&#8220;outside&#8220; dots=&#8220;off&#8220; show_lightbox=&#8220;on&#8220; arrow_color=&#8220;#15386b&#8220; arrow_background_color=&#8220;#ffffff&#8220; _builder_version=&#8220;4.18.0&#8243; _module_preset=&#8220;default&#8220; width_tablet=&#8220;&#8220; width_phone=&#8220;85%&#8220; width_last_edited=&#8220;on|phone&#8220; module_alignment=&#8220;center&#8220; custom_margin=&#8220;35px|||||&#8220; border_radii_image=&#8220;on|5px|5px|5px|5px&#8220; border_color_all_image=&#8220;#eeeeee&#8220; global_colors_info=&#8220;{}&#8220;][\/dsm_image_carousel][\/et_pb_column][\/et_pb_row][\/et_pb_section][et_pb_section fb_built=&#8220;1&#8243; custom_padding_last_edited=&#8220;on|phone&#8220; admin_label=&#8220;TBVS &#8211; Light &#8211; Content 11&#8243; module_class=&#8220;tbvs-section-light&#8220; _builder_version=&#8220;4.18.0&#8243; _module_preset=&#8220;default&#8220; custom_padding=&#8220;||0px|||&#8220; custom_padding_tablet=&#8220;||0px|||&#8220; custom_padding_phone=&#8220;0px||0px||true|false&#8220; global_colors_info=&#8220;{}&#8220;][et_pb_row column_structure=&#8220;1_2,1_2&#8243; _builder_version=&#8220;4.16&#8243; _module_preset=&#8220;default&#8220; custom_padding=&#8220;||0px||false|false&#8220; global_colors_info=&#8220;{}&#8220;][et_pb_column type=&#8220;1_2&#8243; _builder_version=&#8220;4.16&#8243; _module_preset=&#8220;default&#8220; global_colors_info=&#8220;{}&#8220;][et_pb_text _builder_version=&#8220;4.18.0&#8243; _module_preset=&#8220;default&#8220; header_2_font=&#8220;Hind|700|||||||&#8220; header_2_text_color=&#8220;#15386b&#8220; header_2_font_size=&#8220;38px&#8220; header_2_line_height=&#8220;1.1em&#8220; global_colors_info=&#8220;{}&#8220;]<\/p>\n<h2>Portale<\/h2>\n<p>[\/et_pb_text][\/et_pb_column][et_pb_column type=&#8220;1_2&#8243; _builder_version=&#8220;4.16&#8243; _module_preset=&#8220;default&#8220; global_colors_info=&#8220;{}&#8220;][\/et_pb_column][\/et_pb_row][et_pb_row custom_padding_last_edited=&#8220;on|tablet&#8220; _builder_version=&#8220;4.18.0&#8243; _module_preset=&#8220;default&#8220; custom_padding_tablet=&#8220;0px||||false|false&#8220; custom_padding_phone=&#8220;&#8220; global_colors_info=&#8220;{}&#8220;][et_pb_column type=&#8220;4_4&#8243; _builder_version=&#8220;4.16&#8243; _module_preset=&#8220;default&#8220; global_colors_info=&#8220;{}&#8220;][et_pb_text _builder_version=&#8220;4.18.0&#8243; _module_preset=&#8220;default&#8220; text_font=&#8220;Hind||||||||&#8220; text_text_color=&#8220;#333333&#8243; text_font_size=&#8220;17px&#8220; hover_enabled=&#8220;0&#8243; global_colors_info=&#8220;{}&#8220; sticky_enabled=&#8220;0&#8243;]<\/p>\n<p style=\"text-align: justify;\">Metalltore sind eine elegante und funktionale Erg\u00e4nzung f\u00fcr jedes Anwesen. Sie bieten zus\u00e4tzliche Sicherheit und Privatsph\u00e4re und verleihen dem Au\u00dfenbereich Ihres Hauses einen Hauch von Stil.<\/p>\n<p style=\"text-align: justify;\">Bei Sethial stellen wir das Tor her, das Ihren Bed\u00fcrfnissen und Ihrem Geschmack entspricht. Ob motorisiert oder manuell, bestimmen Sie Ihren Stil, von traditionell bis zeitgen\u00f6ssisch, es ist vollst\u00e4ndig anpassbar und passt sich all Ihren Bed\u00fcrfnissen und Vorlieben an.<\/p>\n<p>[\/et_pb_text][et_pb_text _builder_version=&#8220;4.18.0&#8243; _module_preset=&#8220;default&#8220; text_font=&#8220;Hind||||||||&#8220; text_text_color=&#8220;#333333&#8243; text_font_size=&#8220;17px&#8220; hover_enabled=&#8220;0&#8243; global_colors_info=&#8220;{}&#8220; sticky_enabled=&#8220;0&#8243;]<\/p>\n<p style=\"text-align: justify;\">Sie sind langlebig, witterungsbest\u00e4ndig und einbruchsicher und somit die ideale Wahl f\u00fcr Hausbesitzer, die auf Sicherheit und Wohlbefinden bedacht sind.<\/p>\n<p>[\/et_pb_text][\/et_pb_column][\/et_pb_row][et_pb_row _builder_version=&#8220;4.16&#8243; _module_preset=&#8220;default&#8220; width=&#8220;90%&#8220; max_width=&#8220;90%&#8220; custom_padding=&#8220;||0px|||&#8220; locked=&#8220;off&#8220; global_colors_info=&#8220;{}&#8220;][et_pb_column type=&#8220;4_4&#8243; _builder_version=&#8220;4.16&#8243; _module_preset=&#8220;default&#8220; global_colors_info=&#8220;{}&#8220;][dsm_image_carousel gallery_ids=&#8220;23430,23432,23431,23433,23434,23435,23436,23437&#8243; centered_slides=&#8220;on&#8220; slide_to_show=&#8220;3&#8243; arrow_position_mobile=&#8220;outside&#8220; show_lightbox=&#8220;on&#8220; arrow_color=&#8220;#15386b&#8220; arrow_background_color=&#8220;#ffffff&#8220; dots_horizontal_placement=&#8220;-55px&#8220; dots_active_color=&#8220;#15386b&#8220; dots_inactive_color=&#8220;rgba(21,56,107,0.47)&#8220; _builder_version=&#8220;4.18.0&#8243; _module_preset=&#8220;default&#8220; width_tablet=&#8220;&#8220; width_phone=&#8220;85%&#8220; width_last_edited=&#8220;on|phone&#8220; module_alignment=&#8220;center&#8220; custom_margin=&#8220;35px|||||&#8220; border_radii_image=&#8220;on|5px|5px|5px|5px&#8220; border_color_all_image=&#8220;#eeeeee&#8220; global_colors_info=&#8220;{}&#8220;][\/dsm_image_carousel][\/et_pb_column][\/et_pb_row][\/et_pb_section][et_pb_section fb_built=&#8220;1&#8243; _builder_version=&#8220;4.18.0&#8243; _module_preset=&#8220;default&#8220; background_image=&#8220;https:\/\/sethial.lu\/wp-content\/uploads\/2022\/09\/CTA-Sethial.jpg&#8220; parallax=&#8220;on&#8220; custom_margin=&#8220;80px||80px||true|false&#8220; custom_padding=&#8220;||80px||false|false&#8220; global_colors_info=&#8220;{}&#8220;][et_pb_row _builder_version=&#8220;4.17.4&#8243; _module_preset=&#8220;default&#8220; global_colors_info=&#8220;{}&#8220;][et_pb_column type=&#8220;4_4&#8243; _builder_version=&#8220;4.17.4&#8243; _module_preset=&#8220;default&#8220; global_colors_info=&#8220;{}&#8220;][et_pb_text _builder_version=&#8220;4.18.0&#8243; _module_preset=&#8220;default&#8220; text_font=&#8220;Hind|700|||||||&#8220; text_text_color=&#8220;#FFFFFF&#8220; text_font_size=&#8220;50px&#8220; text_line_height=&#8220;1.2em&#8220; custom_margin=&#8220;||50px|||&#8220; text_font_size_tablet=&#8220;50px&#8220; text_font_size_phone=&#8220;30px&#8220; text_font_size_last_edited=&#8220;on|phone&#8220; text_text_shadow_style=&#8220;preset1&#8243; global_colors_info=&#8220;{}&#8220;]<\/p>\n<p style=\"text-align: center;\"><strong>Haben Sie ein Projekt?<br \/>Wir tun dies f\u00fcr Sie.<\/strong><\/p>\n<p>[\/et_pb_text][et_pb_button button_url=&#8220;@ET-DC@eyJkeW5hbWljIjp0cnVlLCJjb250ZW50IjoicG9zdF9saW5rX3VybF9wYWdlIiwic2V0dGluZ3MiOnsicG9zdF9pZCI6IjIyNzI2In19@&#8220; button_text=&#8220;Kontaktieren Sie uns&#8220; button_alignment=&#8220;center&#8220; _builder_version=&#8220;4.18.0&#8243; _dynamic_attributes=&#8220;button_url&#8220; _module_preset=&#8220;default&#8220; custom_button=&#8220;on&#8220; button_text_size=&#8220;25px&#8220; button_text_color=&#8220;#133a6c&#8220; button_bg_color=&#8220;#FFFFFF&#8220; button_border_width=&#8220;0px&#8220; button_border_radius=&#8220;5px&#8220; button_font=&#8220;|700|||||||&#8220; button_icon=&#8220;&#x45;||divi||400&#8243; button_text_size_tablet=&#8220;25px&#8220; button_text_size_phone=&#8220;20px&#8220; button_text_size_last_edited=&#8220;on|phone&#8220; global_colors_info=&#8220;{}&#8220;][\/et_pb_button][\/et_pb_column][\/et_pb_row][\/et_pb_section]<\/p>\n","protected":false},"excerpt":{"rendered":"<p>Z\u00e4une &amp;ToreZ\u00e4uneEin Zaun ist ein unverzichtbares Element in Ihrem Garten und dient der Abgrenzung Ihres Grundst\u00fccks, der Sicherheit und der Versch\u00f6nerung Ihres Eigentums.Sie k\u00f6nnen in Gr\u00f6\u00dfe, Stil und Ausf\u00fchrung vollst\u00e4ndig angepasst werden und passen sich an alle Arten von Grundst\u00fccken an, von Ihrem Haus \u00fcber Ihr Unternehmen bis hin zu Industrieparks.Es ist daher wichtig, dass Sie sich die richtigen Fragen stellen, bevor Sie Ihre Wahl treffen.Was ist mein Ziel, wenn ich mein Eigentum unterteile? M\u00f6chten Sie nur Ihr Grundst\u00fcck abgrenzen? Sie wollen sich vor Blicken sch\u00fctzen? Haben Sie einen eher \u00e4sthetischen und pers\u00f6nlichen Ansatz f\u00fcr Ihr Projekt? In jedem Fall stehen wir Ihnen mit professionellem Rat zur Seite.<div class=\"et_pb_with_border et_pb_module dsm_image_carousel dsm_image_carousel_0 dsm_image_carousel_arrow_outside dsm_image_carousel_arrow_mobile_outside \">\n\t\t\t\t\n\t\t\t\t\n\t\t\t\t\n\t\t\t\t\n\t\t\t\t\n\t\t\t\t\n\t\t\t\t<div class=\"et_pb_module_inner\">\n\t\t\t\t\t<div class=\"swiper-container dsm_image_carousel_container  dsm_image_carousel_carousel\" dir=\"ltr\"data-effect=\"default\"\n\t\t\tdata-slider-effect-shadows=\"false\"\n\t\t\tdata-slider-effect-coverflow-rotate=\"30\"\n\t\t\tdata-slider-effect-coverflow-depth=\"0\"\n\t\t\tdata-loop=\"true\"\n\t\t\tdata-slide-to-show=\"3\"\n\t\t\tdata-slide-to-show-tablet=\"1\"\n\t\t\tdata-slide-to-show-phone=\"1\"\n\t\t\tdata-slide-to-scroll=\"1\"\n\t\t\tdata-slide-to-scroll-tablet=\"1\"\n\t\t\tdata-slide-to-scroll-phone=\"1\"\n\t\t\tdata-space-between=\"15\"\n\t\t\tdata-space-between-tablet=\"15\"\n\t\t\tdata-space-between-phone=\"15\"\n\t\t\tdata-slide-row=\"1\"\n\t\t\tdata-centered-slides=\"true\"\n\t\t\tdata-speed=\"300\"\n\t\t\tdata-autoplay=\"true\"\n\t\t\tdata-autoplay-speed=\"3000\"\n\t\t\tdata-touch-move=\"true\"\n\t\t\tdata-grab=\"true\"\n\t\t\tdata-pause-on-hover=\"false\"\n\t\t\tdata-show-lightbox=\"true\"\n\t\t\tdata-lightbox-gallery=\"false\"\n\t\t\tdata-lightbox-caption=\"false\"\n\t\t\tdata-infinite-scrolling=\"false\"\n\t\t\tdata-slide-row-tablet=\"1\"\n\t\t\tdata-slide-row-phone=\"1\"\n\t\t\tdata-autoplay-viewport=80%\n\t\t\tdata-mousewheel=\"false\"\n\t\t\tdata-lazyload=\"false\"\n\t\t\tdata-type=\"carousel\"\n\t\t\tdata-slideshow-effect=\"default\"\n\t\t\tdata-slideshow-to-show=\"4\"\n\t\t\tdata-slideshow-to-show-tablet=\"4\"\n\t\t\tdata-slideshow-to-show-phone=\"\"\n\t\t\tdata-slider-orientation=\"horizontal\"\n\t\t\t><div class=\"swiper-wrapper\"><div class=\"swiper-slide dsm_image_carousel_item\"><a class=\"dsm_image_carousel_lightbox\" href=\"https:\/\/sethial.lu\/wp-content\/uploads\/2023\/01\/Sethial-cloture-2.jpg\" data-mfp-src=\"https:\/\/sethial.lu\/wp-content\/uploads\/2023\/01\/Sethial-cloture-2.jpg\"><img decoding=\"async\" src=\"https:\/\/sethial.lu\/wp-content\/uploads\/2023\/01\/Sethial-cloture-2.jpg\" alt=\"\" title=\"Sethial cloture 2\" width=\"960\" height=\"720\" data-dsm-image-description=\"\" srcset=\"https:\/\/sethial.lu\/wp-content\/uploads\/2023\/01\/Sethial-cloture-2.jpg 960w, https:\/\/sethial.lu\/wp-content\/uploads\/2023\/01\/Sethial-cloture-2-480x360.jpg.webp 480w\" sizes=\"(min-width: 0px) and (max-width: 480px) 480px, (min-width: 481px) 960px, 100vw\" class=\" skip-lazy\" \/><\/a><\/div><div class=\"swiper-slide dsm_image_carousel_item\"><a class=\"dsm_image_carousel_lightbox\" href=\"https:\/\/sethial.lu\/wp-content\/uploads\/2023\/01\/Sethial-cloture-3.jpg\" data-mfp-src=\"https:\/\/sethial.lu\/wp-content\/uploads\/2023\/01\/Sethial-cloture-3.jpg\"><img decoding=\"async\" src=\"https:\/\/sethial.lu\/wp-content\/uploads\/2023\/01\/Sethial-cloture-3.jpg\" alt=\"\" title=\"Sethial cloture 3\" width=\"960\" height=\"720\" data-dsm-image-description=\"\" srcset=\"https:\/\/sethial.lu\/wp-content\/uploads\/2023\/01\/Sethial-cloture-3.jpg 960w, https:\/\/sethial.lu\/wp-content\/uploads\/2023\/01\/Sethial-cloture-3-480x360.jpg 480w\" sizes=\"(min-width: 0px) and (max-width: 480px) 480px, (min-width: 481px) 960px, 100vw\" class=\" skip-lazy\" \/><\/a><\/div><div class=\"swiper-slide dsm_image_carousel_item\"><a class=\"dsm_image_carousel_lightbox\" href=\"https:\/\/sethial.lu\/wp-content\/uploads\/2023\/01\/Sethial-cloture-4.jpg\" data-mfp-src=\"https:\/\/sethial.lu\/wp-content\/uploads\/2023\/01\/Sethial-cloture-4.jpg\"><img decoding=\"async\" src=\"https:\/\/sethial.lu\/wp-content\/uploads\/2023\/01\/Sethial-cloture-4.jpg\" alt=\"\" title=\"Sethial cloture 4\" width=\"960\" height=\"720\" data-dsm-image-description=\"\" srcset=\"https:\/\/sethial.lu\/wp-content\/uploads\/2023\/01\/Sethial-cloture-4.jpg 960w, https:\/\/sethial.lu\/wp-content\/uploads\/2023\/01\/Sethial-cloture-4-480x360.jpg 480w\" sizes=\"(min-width: 0px) and (max-width: 480px) 480px, (min-width: 481px) 960px, 100vw\" class=\" skip-lazy\" \/><\/a><\/div><div class=\"swiper-slide dsm_image_carousel_item\"><a class=\"dsm_image_carousel_lightbox\" href=\"https:\/\/sethial.lu\/wp-content\/uploads\/2023\/01\/Sethial-cloture-5.jpg\" data-mfp-src=\"https:\/\/sethial.lu\/wp-content\/uploads\/2023\/01\/Sethial-cloture-5.jpg\"><img decoding=\"async\" src=\"https:\/\/sethial.lu\/wp-content\/uploads\/2023\/01\/Sethial-cloture-5.jpg\" alt=\"\" title=\"Sethial cloture 5\" width=\"960\" height=\"720\" data-dsm-image-description=\"\" srcset=\"https:\/\/sethial.lu\/wp-content\/uploads\/2023\/01\/Sethial-cloture-5.jpg 960w, https:\/\/sethial.lu\/wp-content\/uploads\/2023\/01\/Sethial-cloture-5-480x360.jpg 480w\" sizes=\"(min-width: 0px) and (max-width: 480px) 480px, (min-width: 481px) 960px, 100vw\" class=\" skip-lazy\" \/><\/a><\/div><div class=\"swiper-slide dsm_image_carousel_item\"><a class=\"dsm_image_carousel_lightbox\" href=\"https:\/\/sethial.lu\/wp-content\/uploads\/2023\/01\/Sethial-cloture-6.jpg\" data-mfp-src=\"https:\/\/sethial.lu\/wp-content\/uploads\/2023\/01\/Sethial-cloture-6.jpg\"><img decoding=\"async\" src=\"https:\/\/sethial.lu\/wp-content\/uploads\/2023\/01\/Sethial-cloture-6.jpg\" alt=\"\" title=\"Sethial cloture 6\" width=\"960\" height=\"720\" data-dsm-image-description=\"\" srcset=\"https:\/\/sethial.lu\/wp-content\/uploads\/2023\/01\/Sethial-cloture-6.jpg 960w, https:\/\/sethial.lu\/wp-content\/uploads\/2023\/01\/Sethial-cloture-6-480x360.jpg 480w\" sizes=\"(min-width: 0px) and (max-width: 480px) 480px, (min-width: 481px) 960px, 100vw\" class=\" skip-lazy\" \/><\/a><\/div><\/div><\/div><div class=\"swiper-button-prev swiper-arrow-button\" data-icon=\"4\"><\/div><div class=\"swiper-button-next swiper-arrow-button\" data-icon=\"5\"><\/div>\n\t\t\t\t<\/div>\n\t\t\t<\/div>PortaleMetalltore sind eine elegante und funktionale Erg\u00e4nzung f\u00fcr jedes Anwesen. Sie bieten zus\u00e4tzliche Sicherheit und Privatsph\u00e4re und verleihen dem Au\u00dfenbereich Ihres Hauses einen Hauch von Stil. Bei Sethial stellen wir das Tor her, das Ihren Bed\u00fcrfnissen und Ihrem Geschmack entspricht. Ob motorisiert oder manuell, bestimmen Sie Ihren Stil, von traditionell bis zeitgen\u00f6ssisch, es ist vollst\u00e4ndig anpassbar und passt sich all Ihren Bed\u00fcrfnissen und Vorlieben an.Sie sind langlebig, witterungsbest\u00e4ndig und einbruchsicher und somit die ideale Wahl [&hellip;]<\/p>\n","protected":false},"author":5,"featured_media":0,"parent":0,"menu_order":0,"comment_status":"closed","ping_status":"closed","template":"","meta":{"_et_pb_use_builder":"on","_et_pb_old_content":"","_et_gb_content_width":"","footnotes":""},"class_list":["post-23555","page","type-page","status-publish","hentry"],"_links":{"self":[{"href":"https:\/\/sethial.lu\/de\/wp-json\/wp\/v2\/pages\/23555","targetHints":{"allow":["GET"]}}],"collection":[{"href":"https:\/\/sethial.lu\/de\/wp-json\/wp\/v2\/pages"}],"about":[{"href":"https:\/\/sethial.lu\/de\/wp-json\/wp\/v2\/types\/page"}],"author":[{"embeddable":true,"href":"https:\/\/sethial.lu\/de\/wp-json\/wp\/v2\/users\/5"}],"replies":[{"embeddable":true,"href":"https:\/\/sethial.lu\/de\/wp-json\/wp\/v2\/comments?post=23555"}],"version-history":[{"count":3,"href":"https:\/\/sethial.lu\/de\/wp-json\/wp\/v2\/pages\/23555\/revisions"}],"predecessor-version":[{"id":23559,"href":"https:\/\/sethial.lu\/de\/wp-json\/wp\/v2\/pages\/23555\/revisions\/23559"}],"wp:attachment":[{"href":"https:\/\/sethial.lu\/de\/wp-json\/wp\/v2\/media?parent=23555"}],"curies":[{"name":"wp","href":"https:\/\/api.w.org\/{rel}","templated":true}]}}