{"id":23568,"date":"2023-01-12T14:22:42","date_gmt":"2023-01-12T12:22:42","guid":{"rendered":"https:\/\/sethial.lu\/garagentore-und-sicherheit\/"},"modified":"2026-04-27T13:58:48","modified_gmt":"2026-04-27T11:58:48","slug":"garagentore-und-sicherheit","status":"publish","type":"page","link":"https:\/\/sethial.lu\/de\/garagentore-und-sicherheit\/","title":{"rendered":"Garagentore und Sicherheit"},"content":{"rendered":"<p>[et_pb_section fb_built=&#8220;1&#8243; custom_padding_last_edited=&#8220;on|phone&#8220; _builder_version=&#8220;4.18.0&#8243; _module_preset=&#8220;default&#8220; use_background_color_gradient=&#8220;on&#8220; background_color_gradient_stops=&#8220;rgba(0,0,0,0.6) 0%|rgba(255,255,255,0) 15%&#8220; background_color_gradient_overlays_image=&#8220;on&#8220; background_image=&#8220;https:\/\/sethial.lu\/wp-content\/uploads\/2022\/09\/Sethial-header-ferronnerie-exterieure.jpg&#8220; background_enable_video_mp4=&#8220;off&#8220; custom_margin=&#8220;0px||0px||false|false&#8220; custom_padding=&#8220;25vh||25vh||true|false&#8220; custom_padding_tablet=&#8220;124px||124px||true|false&#8220; custom_padding_phone=&#8220;50px||50px||true|false&#8220; animation_style=&#8220;fade&#8220; animation_duration=&#8220;850ms&#8220; global_colors_info=&#8220;{}&#8220;][et_pb_row custom_padding_last_edited=&#8220;on|phone&#8220; _builder_version=&#8220;4.17.4&#8243; _module_preset=&#8220;default&#8220; background_enable_color=&#8220;off&#8220; background_enable_image=&#8220;off&#8220; background_size=&#8220;initial&#8220; background_position=&#8220;center_left&#8220; width=&#8220;90%&#8220; max_width=&#8220;1200px&#8220; custom_margin=&#8220;0px||0px||false|false&#8220; custom_padding=&#8220;0px||0px||false|false&#8220; custom_padding_tablet=&#8220;0px||0px||false|false&#8220; custom_padding_phone=&#8220;30px|30px|30px|30px|false|false&#8220; background_color_phone=&#8220;#FFFFFF&#8220; background_last_edited=&#8220;on|phone&#8220; background_enable_color_phone=&#8220;on&#8220; border_radii_tablet=&#8220;&#8220; border_radii_phone=&#8220;off|20px||20px|&#8220; border_radii_last_edited=&#8220;on|phone&#8220; global_colors_info=&#8220;{}&#8220;][et_pb_column type=&#8220;4_4&#8243; _builder_version=&#8220;4.17.4&#8243; _module_preset=&#8220;default&#8220; custom_padding=&#8220;|||90px|false|false&#8220; custom_padding_tablet=&#8220;|||90px|false|false&#8220; custom_padding_phone=&#8220;|||0px|false|false&#8220; custom_padding_last_edited=&#8220;on|phone&#8220; global_colors_info=&#8220;{}&#8220;][et_pb_image src=&#8220;https:\/\/sethial.lu\/wp-content\/uploads\/2022\/07\/plumber-4-slider-1-1-9.png&#8220; disabled_on=&#8220;on|off|off&#8220; _builder_version=&#8220;4.17.4&#8243; _module_preset=&#8220;default&#8220; positioning=&#8220;absolute&#8220; position_origin_a=&#8220;center_left&#8220; horizontal_offset=&#8220;-77px&#8220; vertical_offset_tablet=&#8220;&#8220; vertical_offset_phone=&#8220;-66px&#8220; vertical_offset_last_edited=&#8220;on|phone&#8220; height_tablet=&#8220;&#8220; height_phone=&#8220;420px&#8220; height_last_edited=&#8220;on|phone&#8220; custom_margin=&#8220;0px||0px||false|false&#8220; custom_padding=&#8220;0px||0px||false|false&#8220; global_colors_info=&#8220;{}&#8220;][\/et_pb_image][et_pb_text _builder_version=&#8220;4.18.0&#8243; _module_preset=&#8220;default&#8220; header_font=&#8220;Hind|800|||||||&#8220; header_text_align=&#8220;left&#8220; header_text_color=&#8220;#223d65&#8243; header_font_size=&#8220;65px&#8220; header_letter_spacing=&#8220;-1px&#8220; max_width=&#8220;520px&#8220; custom_margin=&#8220;0px||28px||false|false&#8220; custom_margin_tablet=&#8220;0px||28px||false|false&#8220; custom_margin_phone=&#8220;0px||15px||false|false&#8220; custom_margin_last_edited=&#8220;on|phone&#8220; custom_padding=&#8220;0px||0px||false|false&#8220; header_font_size_tablet=&#8220;75px&#8220; header_font_size_phone=&#8220;45px&#8220; header_font_size_last_edited=&#8220;on|phone&#8220; global_colors_info=&#8220;{}&#8220;]<\/p>\n<h1>Garagentore &amp; Sicherheit<\/h1>\n<p>[\/et_pb_text][\/et_pb_column][\/et_pb_row][\/et_pb_section][et_pb_section fb_built=&#8220;1&#8243; admin_label=&#8220;TBVS &#8211; Light &#8211; Content 11&#8243; module_class=&#8220;tbvs-section-light&#8220; _builder_version=&#8220;4.18.0&#8243; _module_preset=&#8220;default&#8220; custom_padding=&#8220;||2px|||&#8220; hover_enabled=&#8220;0&#8243; global_colors_info=&#8220;{}&#8220; custom_padding_last_edited=&#8220;on|phone&#8220; custom_padding_phone=&#8220;0px||0px||true|false&#8220; sticky_enabled=&#8220;0&#8243; custom_padding_tablet=&#8220;||2px|||&#8220;][et_pb_row column_structure=&#8220;1_2,1_2&#8243; _builder_version=&#8220;4.16&#8243; _module_preset=&#8220;default&#8220; custom_padding=&#8220;||0px||false|false&#8220; global_colors_info=&#8220;{}&#8220;][et_pb_column type=&#8220;1_2&#8243; _builder_version=&#8220;4.16&#8243; _module_preset=&#8220;default&#8220; global_colors_info=&#8220;{}&#8220;][et_pb_text _builder_version=&#8220;4.18.0&#8243; _module_preset=&#8220;default&#8220; header_2_font=&#8220;Hind|800|||||||&#8220; header_2_text_color=&#8220;#15386b&#8220; header_2_font_size=&#8220;38px&#8220; header_2_line_height=&#8220;1.1em&#8220; global_colors_info=&#8220;{}&#8220;]<\/p>\n<h2>Garagentore<\/h2>\n<p>[\/et_pb_text][\/et_pb_column][et_pb_column type=&#8220;1_2&#8243; _builder_version=&#8220;4.16&#8243; _module_preset=&#8220;default&#8220; global_colors_info=&#8220;{}&#8220;][\/et_pb_column][\/et_pb_row][et_pb_row custom_padding_last_edited=&#8220;on|tablet&#8220; _builder_version=&#8220;4.18.0&#8243; _module_preset=&#8220;default&#8220; custom_padding_tablet=&#8220;0px||||false|false&#8220; custom_padding_phone=&#8220;&#8220; global_colors_info=&#8220;{}&#8220;][et_pb_column type=&#8220;4_4&#8243; _builder_version=&#8220;4.16&#8243; _module_preset=&#8220;default&#8220; global_colors_info=&#8220;{}&#8220;][et_pb_text _builder_version=&#8220;4.18.0&#8243; _module_preset=&#8220;default&#8220; text_font=&#8220;Hind||||||||&#8220; text_text_color=&#8220;#333333&#8243; text_font_size=&#8220;17px&#8220; global_colors_info=&#8220;{}&#8220;]<\/p>\n<p style=\"text-align: justify;\">Garagentore aus Metall kombinieren Haltbarkeit, Sicherheit und Witterungsbest\u00e4ndigkeit. Wir liefern und montieren f\u00fcr Sie alle Arten von Garagentoren, sowohl industrielle als auch private. Sektional-, Kipp- und Rolltore, isoliert zur Verbesserung der Energieeffizienz oder nicht, wir passen uns an Ihre Bed\u00fcrfnisse an.<\/p>\n<p style=\"text-align: justify;\">Unsere Garagentore k\u00f6nnen an Ihren Geschmack angepasst werden und sind aus praktischen und sicherheitstechnischen Gr\u00fcnden in der Regel motorisiert. Bitte kontaktieren Sie uns f\u00fcr weitere Informationen oder um Ihr Projekt zu besprechen.<\/p>\n<p>[\/et_pb_text][\/et_pb_column][\/et_pb_row][et_pb_row _builder_version=&#8220;4.16&#8243; _module_preset=&#8220;default&#8220; width=&#8220;90%&#8220; max_width=&#8220;90%&#8220; custom_padding=&#8220;0px||4px|||&#8220; locked=&#8220;off&#8220; global_colors_info=&#8220;{}&#8220;][et_pb_column type=&#8220;4_4&#8243; _builder_version=&#8220;4.16&#8243; _module_preset=&#8220;default&#8220; global_colors_info=&#8220;{}&#8220;][dsm_image_carousel gallery_ids=&#8220;23438,23439,23440&#8243; centered_slides=&#8220;on&#8220; slide_to_show=&#8220;3&#8243; arrow_position_mobile=&#8220;outside&#8220; show_lightbox=&#8220;on&#8220; arrow_color=&#8220;#15386b&#8220; arrow_background_color=&#8220;#ffffff&#8220; dots_horizontal_placement=&#8220;-55px&#8220; dots_active_color=&#8220;#15386b&#8220; dots_inactive_color=&#8220;rgba(21,56,107,0.47)&#8220; _builder_version=&#8220;4.18.0&#8243; _module_preset=&#8220;default&#8220; width_tablet=&#8220;&#8220; width_phone=&#8220;85%&#8220; width_last_edited=&#8220;on|phone&#8220; module_alignment=&#8220;center&#8220; custom_margin=&#8220;35px|||||&#8220; border_radii_image=&#8220;on|5px|5px|5px|5px&#8220; border_color_all_image=&#8220;#eeeeee&#8220; global_colors_info=&#8220;{}&#8220;][\/dsm_image_carousel][\/et_pb_column][\/et_pb_row][\/et_pb_section][et_pb_section fb_built=&#8220;1&#8243; admin_label=&#8220;TBVS &#8211; Light &#8211; Content 11&#8243; module_class=&#8220;tbvs-section-light&#8220; _builder_version=&#8220;4.18.0&#8243; _module_preset=&#8220;default&#8220; custom_padding=&#8220;||2px|||&#8220; hover_enabled=&#8220;0&#8243; global_colors_info=&#8220;{}&#8220; custom_padding_last_edited=&#8220;on|phone&#8220; custom_padding_phone=&#8220;0px||0px||true|false&#8220; sticky_enabled=&#8220;0&#8243; custom_padding_tablet=&#8220;||2px|||&#8220;][et_pb_row column_structure=&#8220;1_2,1_2&#8243; _builder_version=&#8220;4.16&#8243; _module_preset=&#8220;default&#8220; custom_padding=&#8220;||0px||false|false&#8220; global_colors_info=&#8220;{}&#8220;][et_pb_column type=&#8220;1_2&#8243; _builder_version=&#8220;4.16&#8243; _module_preset=&#8220;default&#8220; global_colors_info=&#8220;{}&#8220;][et_pb_text _builder_version=&#8220;4.18.0&#8243; _module_preset=&#8220;default&#8220; header_2_font=&#8220;Hind|800|||||||&#8220; header_2_text_color=&#8220;#15386b&#8220; header_2_font_size=&#8220;38px&#8220; header_2_line_height=&#8220;1.1em&#8220; global_colors_info=&#8220;{}&#8220;]<\/p>\n<h2>Sicherheitst\u00fcren<\/h2>\n<p>[\/et_pb_text][\/et_pb_column][et_pb_column type=&#8220;1_2&#8243; _builder_version=&#8220;4.16&#8243; _module_preset=&#8220;default&#8220; global_colors_info=&#8220;{}&#8220;][\/et_pb_column][\/et_pb_row][et_pb_row custom_padding_last_edited=&#8220;on|tablet&#8220; _builder_version=&#8220;4.18.0&#8243; _module_preset=&#8220;default&#8220; custom_padding_tablet=&#8220;0px||||false|false&#8220; custom_padding_phone=&#8220;&#8220; global_colors_info=&#8220;{}&#8220;][et_pb_column type=&#8220;4_4&#8243; _builder_version=&#8220;4.16&#8243; _module_preset=&#8220;default&#8220; global_colors_info=&#8220;{}&#8220;][et_pb_text _builder_version=&#8220;4.18.0&#8243; _module_preset=&#8220;default&#8220; text_font=&#8220;Hind||||||||&#8220; text_text_color=&#8220;#333333&#8243; text_font_size=&#8220;17px&#8220; global_colors_info=&#8220;{}&#8220;]<\/p>\n<p style=\"text-align: justify;\">Die Sicherheit der R\u00e4umlichkeiten ist f\u00fcr viele Eigent\u00fcmer ein wichtiges Thema. Diese Sicherheitst\u00fcren und -gitter stellen eine wirksame Barriere gegen unerw\u00fcnschte Besucher dar und k\u00f6nnen individuell angepasst werden, was sie zu einer ausgezeichneten Option f\u00fcr Wohn- und Gewerbeimmobilien macht.<\/p>\n<p>[\/et_pb_text][et_pb_text _builder_version=&#8220;4.18.0&#8243; _module_preset=&#8220;default&#8220; text_font=&#8220;Hind||||||||&#8220; text_text_color=&#8220;#333333&#8243; text_font_size=&#8220;17px&#8220; global_colors_info=&#8220;{}&#8220;]<\/p>\n<p style=\"text-align: justify;\">Sicherheitst\u00fcren und -gitter erh\u00f6hen nicht nur die Sicherheit, sondern k\u00f6nnen auch Sicherheit und \u00c4sthetik kombinieren. Sichern Sie sich oder Ihr Unternehmen mit Sethial ab!  <\/p>\n<p>&nbsp;<\/p>\n<p>[\/et_pb_text][\/et_pb_column][\/et_pb_row][et_pb_row _builder_version=&#8220;4.16&#8243; _module_preset=&#8220;default&#8220; width=&#8220;90%&#8220; max_width=&#8220;90%&#8220; custom_padding=&#8220;0px||4px|||&#8220; locked=&#8220;off&#8220; global_colors_info=&#8220;{}&#8220;][et_pb_column type=&#8220;4_4&#8243; _builder_version=&#8220;4.16&#8243; _module_preset=&#8220;default&#8220; global_colors_info=&#8220;{}&#8220;][dsm_image_carousel gallery_ids=&#8220;23442,23441,23443,23444&#8243; centered_slides=&#8220;on&#8220; slide_to_show=&#8220;3&#8243; arrow_position_mobile=&#8220;outside&#8220; show_lightbox=&#8220;on&#8220; arrow_color=&#8220;#15386b&#8220; arrow_background_color=&#8220;#ffffff&#8220; dots_horizontal_placement=&#8220;-55px&#8220; dots_active_color=&#8220;#15386b&#8220; dots_inactive_color=&#8220;rgba(21,56,107,0.47)&#8220; _builder_version=&#8220;4.18.0&#8243; _module_preset=&#8220;default&#8220; width_tablet=&#8220;&#8220; width_phone=&#8220;85%&#8220; width_last_edited=&#8220;on|phone&#8220; module_alignment=&#8220;center&#8220; custom_margin=&#8220;35px|||||&#8220; border_radii_image=&#8220;on|5px|5px|5px|5px&#8220; border_color_all_image=&#8220;#eeeeee&#8220; global_colors_info=&#8220;{}&#8220;][\/dsm_image_carousel][\/et_pb_column][\/et_pb_row][\/et_pb_section][et_pb_section fb_built=&#8220;1&#8243; _builder_version=&#8220;4.18.0&#8243; _module_preset=&#8220;default&#8220; background_image=&#8220;https:\/\/sethial.lu\/wp-content\/uploads\/2022\/09\/CTA-Sethial.jpg&#8220; parallax=&#8220;on&#8220; custom_margin=&#8220;80px||80px||true|false&#8220; custom_padding=&#8220;||80px||false|false&#8220; global_colors_info=&#8220;{}&#8220;][et_pb_row _builder_version=&#8220;4.17.4&#8243; _module_preset=&#8220;default&#8220; global_colors_info=&#8220;{}&#8220;][et_pb_column type=&#8220;4_4&#8243; _builder_version=&#8220;4.17.4&#8243; _module_preset=&#8220;default&#8220; global_colors_info=&#8220;{}&#8220;][et_pb_text _builder_version=&#8220;4.18.0&#8243; _module_preset=&#8220;default&#8220; text_font=&#8220;Hind|700|||||||&#8220; text_text_color=&#8220;#FFFFFF&#8220; text_font_size=&#8220;50px&#8220; text_line_height=&#8220;1.2em&#8220; custom_margin=&#8220;||50px|||&#8220; hover_enabled=&#8220;0&#8243; text_text_shadow_style=&#8220;preset1&#8243; global_colors_info=&#8220;{}&#8220; text_font_size_last_edited=&#8220;on|phone&#8220; text_font_size_phone=&#8220;30px&#8220; sticky_enabled=&#8220;0&#8243; text_font_size_tablet=&#8220;50px&#8220;]<\/p>\n<p style=\"text-align: center;\"><strong>Haben Sie ein Projekt?<br \/>Wir tun dies f\u00fcr Sie.<\/strong><\/p>\n<p>[\/et_pb_text][et_pb_button button_url=&#8220;@ET-DC@eyJkeW5hbWljIjp0cnVlLCJjb250ZW50IjoicG9zdF9saW5rX3VybF9wYWdlIiwic2V0dGluZ3MiOnsicG9zdF9pZCI6IjIyNzI2In19@&#8220; button_text=&#8220;Kontaktieren Sie uns&#8220; button_alignment=&#8220;center&#8220; _builder_version=&#8220;4.18.0&#8243; _dynamic_attributes=&#8220;button_url&#8220; _module_preset=&#8220;default&#8220; custom_button=&#8220;on&#8220; button_text_size=&#8220;25px&#8220; button_text_color=&#8220;#133a6c&#8220; button_bg_color=&#8220;#FFFFFF&#8220; button_border_width=&#8220;0px&#8220; button_border_radius=&#8220;5px&#8220; button_font=&#8220;|700|||||||&#8220; button_icon=&#8220;&#x45;||divi||400&#8243; hover_enabled=&#8220;0&#8243; global_colors_info=&#8220;{}&#8220; button_text_size_last_edited=&#8220;on|phone&#8220; button_text_size_phone=&#8220;20px&#8220; sticky_enabled=&#8220;0&#8243; button_text_size_tablet=&#8220;25px&#8220;][\/et_pb_button][\/et_pb_column][\/et_pb_row][\/et_pb_section]<\/p>\n","protected":false},"excerpt":{"rendered":"<p>Garagentore &amp; SicherheitGaragentoreGaragentore aus Metall kombinieren Haltbarkeit, Sicherheit und Witterungsbest\u00e4ndigkeit. Wir liefern und montieren f\u00fcr Sie alle Arten von Garagentoren, sowohl industrielle als auch private. Sektional-, Kipp- und Rolltore, isoliert zur Verbesserung der Energieeffizienz oder nicht, wir passen uns an Ihre Bed\u00fcrfnisse an. Unsere Garagentore k\u00f6nnen an Ihren Geschmack angepasst werden und sind aus praktischen und sicherheitstechnischen Gr\u00fcnden in der Regel motorisiert. Bitte kontaktieren Sie uns f\u00fcr weitere Informationen oder um Ihr Projekt zu besprechen.<div class=\"et_pb_with_border et_pb_module dsm_image_carousel dsm_image_carousel_0 dsm_image_carousel_arrow_outside dsm_image_carousel_arrow_mobile_outside \">\n\t\t\t\t\n\t\t\t\t\n\t\t\t\t\n\t\t\t\t\n\t\t\t\t\n\t\t\t\t\n\t\t\t\t<div class=\"et_pb_module_inner\">\n\t\t\t\t\t<div class=\"swiper-container dsm_image_carousel_container  dsm_image_carousel_carousel\" dir=\"ltr\"data-effect=\"default\"\n\t\t\tdata-slider-effect-shadows=\"false\"\n\t\t\tdata-slider-effect-coverflow-rotate=\"30\"\n\t\t\tdata-slider-effect-coverflow-depth=\"0\"\n\t\t\tdata-loop=\"true\"\n\t\t\tdata-slide-to-show=\"3\"\n\t\t\tdata-slide-to-show-tablet=\"1\"\n\t\t\tdata-slide-to-show-phone=\"1\"\n\t\t\tdata-slide-to-scroll=\"1\"\n\t\t\tdata-slide-to-scroll-tablet=\"1\"\n\t\t\tdata-slide-to-scroll-phone=\"1\"\n\t\t\tdata-space-between=\"15\"\n\t\t\tdata-space-between-tablet=\"15\"\n\t\t\tdata-space-between-phone=\"15\"\n\t\t\tdata-slide-row=\"1\"\n\t\t\tdata-centered-slides=\"true\"\n\t\t\tdata-speed=\"300\"\n\t\t\tdata-autoplay=\"true\"\n\t\t\tdata-autoplay-speed=\"3000\"\n\t\t\tdata-touch-move=\"true\"\n\t\t\tdata-grab=\"true\"\n\t\t\tdata-pause-on-hover=\"false\"\n\t\t\tdata-show-lightbox=\"true\"\n\t\t\tdata-lightbox-gallery=\"false\"\n\t\t\tdata-lightbox-caption=\"false\"\n\t\t\tdata-infinite-scrolling=\"false\"\n\t\t\tdata-slide-row-tablet=\"1\"\n\t\t\tdata-slide-row-phone=\"1\"\n\t\t\tdata-autoplay-viewport=80%\n\t\t\tdata-mousewheel=\"false\"\n\t\t\tdata-lazyload=\"false\"\n\t\t\tdata-type=\"carousel\"\n\t\t\tdata-slideshow-effect=\"default\"\n\t\t\tdata-slideshow-to-show=\"4\"\n\t\t\tdata-slideshow-to-show-tablet=\"4\"\n\t\t\tdata-slideshow-to-show-phone=\"\"\n\t\t\tdata-slider-orientation=\"horizontal\"\n\t\t\t><div class=\"swiper-wrapper\"><div class=\"swiper-slide dsm_image_carousel_item\"><a class=\"dsm_image_carousel_lightbox\" href=\"https:\/\/sethial.lu\/wp-content\/uploads\/2023\/01\/Sethial-porte-de-garage-1.jpg\" data-mfp-src=\"https:\/\/sethial.lu\/wp-content\/uploads\/2023\/01\/Sethial-porte-de-garage-1.jpg\"><img decoding=\"async\" src=\"https:\/\/sethial.lu\/wp-content\/uploads\/2023\/01\/Sethial-porte-de-garage-1.jpg\" alt=\"\" title=\"Sethial porte de garage 1\" width=\"960\" height=\"720\" data-dsm-image-description=\"\" srcset=\"https:\/\/sethial.lu\/wp-content\/uploads\/2023\/01\/Sethial-porte-de-garage-1.jpg 960w, https:\/\/sethial.lu\/wp-content\/uploads\/2023\/01\/Sethial-porte-de-garage-1-480x360.jpg 480w\" sizes=\"(min-width: 0px) and (max-width: 480px) 480px, (min-width: 481px) 960px, 100vw\" class=\" skip-lazy\" \/><\/a><\/div><div class=\"swiper-slide dsm_image_carousel_item\"><a class=\"dsm_image_carousel_lightbox\" href=\"https:\/\/sethial.lu\/wp-content\/uploads\/2023\/01\/Sethial-porte-de-garage-2.jpg\" data-mfp-src=\"https:\/\/sethial.lu\/wp-content\/uploads\/2023\/01\/Sethial-porte-de-garage-2.jpg\"><img decoding=\"async\" src=\"https:\/\/sethial.lu\/wp-content\/uploads\/2023\/01\/Sethial-porte-de-garage-2.jpg\" alt=\"\" title=\"Sethial porte de garage 2\" width=\"960\" height=\"720\" data-dsm-image-description=\"\" srcset=\"https:\/\/sethial.lu\/wp-content\/uploads\/2023\/01\/Sethial-porte-de-garage-2.jpg.webp 960w, https:\/\/sethial.lu\/wp-content\/uploads\/2023\/01\/Sethial-porte-de-garage-2-480x360.jpg.webp 480w\" sizes=\"(min-width: 0px) and (max-width: 480px) 480px, (min-width: 481px) 960px, 100vw\" class=\" skip-lazy\" \/><\/a><\/div><div class=\"swiper-slide dsm_image_carousel_item\"><a class=\"dsm_image_carousel_lightbox\" href=\"https:\/\/sethial.lu\/wp-content\/uploads\/2023\/01\/Sethial-porte-de-garage-3.jpg\" data-mfp-src=\"https:\/\/sethial.lu\/wp-content\/uploads\/2023\/01\/Sethial-porte-de-garage-3.jpg\"><img decoding=\"async\" src=\"https:\/\/sethial.lu\/wp-content\/uploads\/2023\/01\/Sethial-porte-de-garage-3.jpg\" alt=\"\" title=\"Sethial porte de garage 3\" width=\"960\" height=\"720\" data-dsm-image-description=\"\" srcset=\"https:\/\/sethial.lu\/wp-content\/uploads\/2023\/01\/Sethial-porte-de-garage-3.jpg 960w, https:\/\/sethial.lu\/wp-content\/uploads\/2023\/01\/Sethial-porte-de-garage-3-480x360.jpg 480w\" sizes=\"(min-width: 0px) and (max-width: 480px) 480px, (min-width: 481px) 960px, 100vw\" class=\" skip-lazy\" \/><\/a><\/div><\/div><\/div><div class=\"swiper-button-prev swiper-arrow-button\" data-icon=\"4\"><\/div><div class=\"swiper-button-next swiper-arrow-button\" data-icon=\"5\"><\/div><div class=\"swiper-pagination\"><\/div>\n\t\t\t\t<\/div>\n\t\t\t<\/div>Sicherheitst\u00fcrenDie Sicherheit der R\u00e4umlichkeiten ist f\u00fcr viele Eigent\u00fcmer ein wichtiges Thema. Diese Sicherheitst\u00fcren und -gitter stellen eine wirksame Barriere gegen unerw\u00fcnschte Besucher dar und k\u00f6nnen individuell angepasst werden, was sie zu einer ausgezeichneten Option f\u00fcr Wohn- und Gewerbeimmobilien macht.Sicherheitst\u00fcren und -gitter erh\u00f6hen nicht nur die Sicherheit, sondern k\u00f6nnen auch Sicherheit und \u00c4sthetik kombinieren. Sichern Sie sich oder Ihr Unternehmen mit Sethial ab! &nbsp;<div class=\"et_pb_with_border et_pb_module dsm_image_carousel dsm_image_carousel_1 dsm_image_carousel_arrow_outside dsm_image_carousel_arrow_mobile_outside \">\n\t\t\t\t\n\t\t\t\t\n\t\t\t\t\n\t\t\t\t\n\t\t\t\t\n\t\t\t\t\n\t\t\t\t<div class=\"et_pb_module_inner\">\n\t\t\t\t\t<div class=\"swiper-container dsm_image_carousel_container  dsm_image_carousel_carousel\" dir=\"ltr\"data-effect=\"default\"\n\t\t\tdata-slider-effect-shadows=\"false\"\n\t\t\tdata-slider-effect-coverflow-rotate=\"30\"\n\t\t\tdata-slider-effect-coverflow-depth=\"0\"\n\t\t\tdata-loop=\"true\"\n\t\t\tdata-slide-to-show=\"3\"\n\t\t\tdata-slide-to-show-tablet=\"1\"\n\t\t\tdata-slide-to-show-phone=\"1\"\n\t\t\tdata-slide-to-scroll=\"1\"\n\t\t\tdata-slide-to-scroll-tablet=\"1\"\n\t\t\tdata-slide-to-scroll-phone=\"1\"\n\t\t\tdata-space-between=\"15\"\n\t\t\tdata-space-between-tablet=\"15\"\n\t\t\tdata-space-between-phone=\"15\"\n\t\t\tdata-slide-row=\"1\"\n\t\t\tdata-centered-slides=\"true\"\n\t\t\tdata-speed=\"300\"\n\t\t\tdata-autoplay=\"true\"\n\t\t\tdata-autoplay-speed=\"3000\"\n\t\t\tdata-touch-move=\"true\"\n\t\t\tdata-grab=\"true\"\n\t\t\tdata-pause-on-hover=\"false\"\n\t\t\tdata-show-lightbox=\"true\"\n\t\t\tdata-lightbox-gallery=\"false\"\n\t\t\tdata-lightbox-caption=\"false\"\n\t\t\tdata-infinite-scrolling=\"false\"\n\t\t\tdata-slide-row-tablet=\"1\"\n\t\t\tdata-slide-row-phone=\"1\"\n\t\t\tdata-autoplay-viewport=80%\n\t\t\tdata-mousewheel=\"false\"\n\t\t\tdata-lazyload=\"false\"\n\t\t\tdata-type=\"carousel\"\n\t\t\tdata-slideshow-effect=\"default\"\n\t\t\tdata-slideshow-to-show=\"4\"\n\t\t\tdata-slideshow-to-show-tablet=\"4\"\n\t\t\tdata-slideshow-to-show-phone=\"\"\n\t\t\tdata-slider-orientation=\"horizontal\"\n\t\t\t><div class=\"swiper-wrapper\"><div class=\"swiper-slide dsm_image_carousel_item\"><a class=\"dsm_image_carousel_lightbox\" href=\"https:\/\/sethial.lu\/wp-content\/uploads\/2023\/01\/Sethial-porte-securite-2.jpg\" data-mfp-src=\"https:\/\/sethial.lu\/wp-content\/uploads\/2023\/01\/Sethial-porte-securite-2.jpg\"><img decoding=\"async\" src=\"https:\/\/sethial.lu\/wp-content\/uploads\/2023\/01\/Sethial-porte-securite-2.jpg\" alt=\"\" title=\"Sethial porte securite 2\" width=\"960\" height=\"720\" data-dsm-image-description=\"\" srcset=\"https:\/\/sethial.lu\/wp-content\/uploads\/2023\/01\/Sethial-porte-securite-2.jpg 960w, https:\/\/sethial.lu\/wp-content\/uploads\/2023\/01\/Sethial-porte-securite-2-480x360.jpg 480w\" sizes=\"(min-width: 0px) and (max-width: 480px) 480px, (min-width: 481px) 960px, 100vw\" class=\" skip-lazy\" \/><\/a><\/div><div class=\"swiper-slide dsm_image_carousel_item\"><a class=\"dsm_image_carousel_lightbox\" href=\"https:\/\/sethial.lu\/wp-content\/uploads\/2023\/01\/Sethial-porte-securite-1.jpg\" data-mfp-src=\"https:\/\/sethial.lu\/wp-content\/uploads\/2023\/01\/Sethial-porte-securite-1.jpg\"><img decoding=\"async\" src=\"https:\/\/sethial.lu\/wp-content\/uploads\/2023\/01\/Sethial-porte-securite-1.jpg\" alt=\"\" title=\"Sethial porte securite 1\" width=\"960\" height=\"720\" data-dsm-image-description=\"\" srcset=\"https:\/\/sethial.lu\/wp-content\/uploads\/2023\/01\/Sethial-porte-securite-1.jpg.webp 960w, https:\/\/sethial.lu\/wp-content\/uploads\/2023\/01\/Sethial-porte-securite-1-480x360.jpg.webp 480w\" sizes=\"(min-width: 0px) and (max-width: 480px) 480px, (min-width: 481px) 960px, 100vw\" class=\" skip-lazy\" \/><\/a><\/div><div class=\"swiper-slide dsm_image_carousel_item\"><a class=\"dsm_image_carousel_lightbox\" href=\"https:\/\/sethial.lu\/wp-content\/uploads\/2023\/01\/Sethial-porte-securite-3.jpg\" data-mfp-src=\"https:\/\/sethial.lu\/wp-content\/uploads\/2023\/01\/Sethial-porte-securite-3.jpg\"><img decoding=\"async\" src=\"https:\/\/sethial.lu\/wp-content\/uploads\/2023\/01\/Sethial-porte-securite-3.jpg\" alt=\"\" title=\"Sethial porte securite 3\" width=\"960\" height=\"720\" data-dsm-image-description=\"\" srcset=\"https:\/\/sethial.lu\/wp-content\/uploads\/2023\/01\/Sethial-porte-securite-3.jpg.webp 960w, https:\/\/sethial.lu\/wp-content\/uploads\/2023\/01\/Sethial-porte-securite-3-480x360.jpg.webp 480w\" sizes=\"(min-width: 0px) and (max-width: 480px) 480px, (min-width: 481px) 960px, 100vw\" class=\" skip-lazy\" \/><\/a><\/div><div class=\"swiper-slide dsm_image_carousel_item\"><a class=\"dsm_image_carousel_lightbox\" href=\"https:\/\/sethial.lu\/wp-content\/uploads\/2023\/01\/Sethial-porte-securite-4.jpg\" data-mfp-src=\"https:\/\/sethial.lu\/wp-content\/uploads\/2023\/01\/Sethial-porte-securite-4.jpg\"><img decoding=\"async\" src=\"https:\/\/sethial.lu\/wp-content\/uploads\/2023\/01\/Sethial-porte-securite-4.jpg\" alt=\"\" title=\"Sethial porte securite 4\" width=\"960\" height=\"720\" data-dsm-image-description=\"\" srcset=\"https:\/\/sethial.lu\/wp-content\/uploads\/2023\/01\/Sethial-porte-securite-4.jpg.webp 960w, https:\/\/sethial.lu\/wp-content\/uploads\/2023\/01\/Sethial-porte-securite-4-480x360.jpg.webp 480w\" sizes=\"(min-width: 0px) and (max-width: 480px) 480px, (min-width: 481px) 960px, 100vw\" class=\" skip-lazy\" \/><\/a><\/div><\/div><\/div><div class=\"swiper-button-prev swiper-arrow-button\" data-icon=\"4\"><\/div><div class=\"swiper-button-next swiper-arrow-button\" data-icon=\"5\"><\/div><div class=\"swiper-pagination\"><\/div>\n\t\t\t\t<\/div>\n\t\t\t<\/div>Haben Sie ein Projekt?Wir tun dies f\u00fcr Sie.<\/p>\n","protected":false},"author":5,"featured_media":0,"parent":0,"menu_order":0,"comment_status":"closed","ping_status":"closed","template":"","meta":{"_et_pb_use_builder":"on","_et_pb_old_content":"","_et_gb_content_width":"","footnotes":""},"class_list":["post-23568","page","type-page","status-publish","hentry"],"_links":{"self":[{"href":"https:\/\/sethial.lu\/de\/wp-json\/wp\/v2\/pages\/23568","targetHints":{"allow":["GET"]}}],"collection":[{"href":"https:\/\/sethial.lu\/de\/wp-json\/wp\/v2\/pages"}],"about":[{"href":"https:\/\/sethial.lu\/de\/wp-json\/wp\/v2\/types\/page"}],"author":[{"embeddable":true,"href":"https:\/\/sethial.lu\/de\/wp-json\/wp\/v2\/users\/5"}],"replies":[{"embeddable":true,"href":"https:\/\/sethial.lu\/de\/wp-json\/wp\/v2\/comments?post=23568"}],"version-history":[{"count":3,"href":"https:\/\/sethial.lu\/de\/wp-json\/wp\/v2\/pages\/23568\/revisions"}],"predecessor-version":[{"id":23572,"href":"https:\/\/sethial.lu\/de\/wp-json\/wp\/v2\/pages\/23568\/revisions\/23572"}],"wp:attachment":[{"href":"https:\/\/sethial.lu\/de\/wp-json\/wp\/v2\/media?parent=23568"}],"curies":[{"name":"wp","href":"https:\/\/api.w.org\/{rel}","templated":true}]}}